{"id":28,"date":"2024-12-18T11:42:49","date_gmt":"2024-12-18T10:42:49","guid":{"rendered":"https:\/\/www.stajder.com\/?page_id=28"},"modified":"2025-01-25T11:27:59","modified_gmt":"2025-01-25T10:27:59","slug":"polityka-cookies","status":"publish","type":"page","link":"https:\/\/www.stajder.com\/en\/polityka-cookies\/","title":{"rendered":"Cookie Policy"},"content":{"rendered":"<div data-elementor-type=\"wp-page\" data-elementor-id=\"28\" class=\"elementor elementor-28\" data-elementor-post-type=\"page\">\n\t\t\t\t<div class=\"elementor-element elementor-element-aa15aeb e-flex e-con-boxed e-con e-parent\" data-id=\"aa15aeb\" data-element_type=\"container\" data-settings=\"{&quot;background_background&quot;:&quot;classic&quot;}\">\n\t\t\t\t\t<div class=\"e-con-inner\">\n\t\t\t\t<div class=\"elementor-element elementor-element-a47de0e elementor-widget elementor-widget-heading\" data-id=\"a47de0e\" data-element_type=\"widget\" data-widget_type=\"heading.default\">\n\t\t\t\t\t<h2 class=\"elementor-heading-title elementor-size-default\">Cookie Policy<\/h2>\t\t\t\t<\/div>\n\t\t\t\t<div class=\"elementor-element elementor-element-2452865 elementor-widget elementor-widget-heading\" data-id=\"2452865\" data-element_type=\"widget\" data-widget_type=\"heading.default\">\n\t\t\t\t\t<h2 class=\"elementor-heading-title elementor-size-default\">Get acquainted with our Cookie Policy.<\/h2>\t\t\t\t<\/div>\n\t\t\t\t\t<\/div>\n\t\t\t\t<\/div>\n\t\t<div class=\"elementor-element elementor-element-b8e9f6c e-flex e-con-boxed e-con e-parent\" data-id=\"b8e9f6c\" data-element_type=\"container\">\n\t\t\t\t\t<div class=\"e-con-inner\">\n\t\t<div class=\"elementor-element elementor-element-f5693b3 e-con-full e-flex e-con e-child\" data-id=\"f5693b3\" data-element_type=\"container\">\n\t\t\t\t<div class=\"elementor-element elementor-element-f083ef7 elementor-widget elementor-widget-heading\" data-id=\"f083ef7\" data-element_type=\"widget\" data-widget_type=\"heading.default\">\n\t\t\t\t\t<h2 class=\"elementor-heading-title elementor-size-default\">\u00a71 Introduction<\/h2>\t\t\t\t<\/div>\n\t\t\t\t<div class=\"elementor-element elementor-element-7f195af elementor-widget elementor-widget-text-editor\" data-id=\"7f195af\" data-element_type=\"widget\" data-widget_type=\"text-editor.default\">\n\t\t\t\t\t\t\t\t\t<p class=\"translation-block\">1. The website https:\/\/stajder.com\/ uses cookies.<br>2. The administrator of the Website at https:\/\/stajder.com\/ is Z.P.U. STAJDER s.c. , Osieczany 352, 32-400 My\u015blenice, NIP: 6810006380<br>3. The document contains information and rules for the operation and use of cookies on the website https:\/\/stajder.com\/.<br>4. Contact with the person supervising the processing of personal data in the organization is possible electronically at the e-mail address: biuro@stajder.pl, in writing to the Administrator's address or by phone at +48 601 511 571.<\/p>\t\t\t\t\t\t\t\t<\/div>\n\t\t\t\t<div class=\"elementor-element elementor-element-a7c2c65 elementor-widget elementor-widget-heading\" data-id=\"a7c2c65\" data-element_type=\"widget\" data-widget_type=\"heading.default\">\n\t\t\t\t\t<h2 class=\"elementor-heading-title elementor-size-default\">\u00a72 Definitions<\/h2>\t\t\t\t<\/div>\n\t\t\t\t<div class=\"elementor-element elementor-element-d8f4280 elementor-widget elementor-widget-text-editor\" data-id=\"d8f4280\" data-element_type=\"widget\" data-widget_type=\"text-editor.default\">\n\t\t\t\t\t\t\t\t\t<p>1. Administrator \u2013 Z.P.U. STAJDER s.c. , Osieczany 352, 32-400 My\u015blenice, NIP: 6810006380, adres mailowy biuro@stajder.pl, numer telefonu +48 601 511 571.<br \/>2. Dane osobowe \u2013 informacje o\u00a0osobie fizycznej zidentyfikowanej lub mo\u017cliwej do\u00a0zidentyfikowania poprzez jeden b\u0105d\u017a kilka szczeg\u00f3lnych czynnik\u00f3w okre\u015blaj\u0105cych fizyczn\u0105, fizjologiczn\u0105, genetyczn\u0105, psychiczn\u0105, ekonomiczn\u0105, kulturow\u0105 lub spo\u0142eczn\u0105 to\u017csamo\u015b\u0107, w\u00a0tym IP urz\u0105dzenia, identyfikator internetowy oraz\u00a0informacje gromadzone za\u00a0po\u015brednictwem plik\u00f3w cookie oraz\u00a0innej podobnej technologii.<br \/>3. Polityka \u2013 niniejsza Polityka Cookies.<br \/>4. Pliki cookies (tzw. \u201eciasteczka\u201d) to ma\u0142e fragmenty tekstu, kodu, kt\u00f3re s\u0105 wysy\u0142ane do przegl\u0105darki i kt\u00f3re przegl\u0105darka wysy\u0142a z powrotem. Niekt\u00f3re cookies s\u0105 czasem zapisywane na danym urz\u0105dzeniu podczas przegl\u0105dania Serwisu https:\/\/stajder.pl\/.<br \/>5. RODO \/ Rozporz\u0105dzenie RODO \u2013 rozporz\u0105dzenie Parlamentu Europejskiego i\u00a0Rady (UE) 2016\/679 z\u00a027.04.2016\u00a0r. w\u00a0sprawie ochrony os\u00f3b fizycznych w\u00a0zwi\u0105zku z\u00a0przetwarzaniem danych osobowych i\u00a0w\u00a0sprawie swobodnego przep\u0142ywu takich danych oraz\u00a0uchylenia dyrektywy 95\/46\/WE.<br \/>6. Serwis \u2013 serwis internetowy prowadzony przez Administratora pod adresem https:\/\/stajder.pl\/.<br \/>7. U\u017cytkownik \u2013 ka\u017cda osoba fizyczna odwiedzaj\u0105ca Serwis lub korzystaj\u0105ca z\u00a0jednej albo\u00a0kilku us\u0142ug czy\u00a0funkcjonalno\u015bci opisanych w\u00a0Polityce.<\/p>\t\t\t\t\t\t\t\t<\/div>\n\t\t\t\t<div class=\"elementor-element elementor-element-c0dc877 elementor-widget elementor-widget-heading\" data-id=\"c0dc877\" data-element_type=\"widget\" data-widget_type=\"heading.default\">\n\t\t\t\t\t<h2 class=\"elementor-heading-title elementor-size-default\">\u00a73 Purpose of storing and accessing information<\/h2>\t\t\t\t<\/div>\n\t\t\t\t<div class=\"elementor-element elementor-element-8e266b2 elementor-widget elementor-widget-text-editor\" data-id=\"8e266b2\" data-element_type=\"widget\" data-widget_type=\"text-editor.default\">\n\t\t\t\t\t\t\t\t\t<p>1. Cookies that are necessary to use the Website are used to adapt the content of the Website to the User's preferences and optimize its use by creating statistics that help understand how Users use the Website, which allows improving its structure and content, as well as for\u00a0marketing purposes.<\/p>\t\t\t\t\t\t\t\t<\/div>\n\t\t\t\t<div class=\"elementor-element elementor-element-a4c2dbd elementor-widget elementor-widget-heading\" data-id=\"a4c2dbd\" data-element_type=\"widget\" data-widget_type=\"heading.default\">\n\t\t\t\t\t<h2 class=\"elementor-heading-title elementor-size-default\">\u00a74 Cookies used<\/h2>\t\t\t\t<\/div>\n\t\t\t\t<div class=\"elementor-element elementor-element-708c0eb elementor-widget elementor-widget-text-editor\" data-id=\"708c0eb\" data-element_type=\"widget\" data-widget_type=\"text-editor.default\">\n\t\t\t\t\t\t\t\t\t<p>1. The following types of cookies may be used within the Website, including:<\/p><p class=\"translation-block\"><strong>Advertising (ad_storage)<\/strong><br>Allows you to store advertising-related data, such as cookies (internet) or device identifiers (apps).<br>For example:<\/p><p class=\"translation-block\"><strong>Ad preferences<\/strong> <strong>(ad_user_data)<\/strong><br>Indicates consent to sending user data to Google for online advertising purposes.<br>For example:<\/p><p class=\"translation-block\"><strong>Ads personalization<\/strong> <strong>(ad_personalization)<\/strong><br>Personalization cookies \u2013 This allows you to consent to personalized ads.<br>For example:<\/p><p class=\"translation-block\"><strong>Analytical (analytics_storage)<\/strong><br>Allows you to store data such as cookies (websites) or device identifiers (apps) related to analytics, e.g. visit duration.<br>For example:<\/p><p class=\"translation-block\"><strong>Functional (functionality_storage)<\/strong><br>Allows storage for website or application features, such as language settings.<br>Personalization (personalization_storage)<br>Allows storage of data related to personalization, such as video recommendations.<br>Security (security_storage)<br>Allows you to store security-related data such as authentication function, prevention fraud and other user protection mechanisms.<\/p><p class=\"translation-block\">a. Google (privacy policy)<br>b.\u00a0Meta (privacy policy)<br>c. Google Ads (privacy policy)<br>d. Meta Ads (privacy policy)<br>e. Google Ads (privacy policy)<br>f. Meta Ads (privacy policy)<br>g. Google Analytics (privacy policy)<br>h. HotJar (privacy policy)<br>i. Clarity (privacy policy)<br>j. Meta (privacy policy)<br><br>2. A detailed catalog of cookies used on the Website is available in the cookie consent management window.<\/p>\t\t\t\t\t\t\t\t<\/div>\n\t\t\t\t<div class=\"elementor-element elementor-element-0e1393b elementor-widget elementor-widget-heading\" data-id=\"0e1393b\" data-element_type=\"widget\" data-widget_type=\"heading.default\">\n\t\t\t\t\t<h2 class=\"elementor-heading-title elementor-size-default\">\u00a75 Consent to the use of cookies<\/h2>\t\t\t\t<\/div>\n\t\t\t\t<div class=\"elementor-element elementor-element-184e44c elementor-widget elementor-widget-text-editor\" data-id=\"184e44c\" data-element_type=\"widget\" data-widget_type=\"text-editor.default\">\n\t\t\t\t\t\t\t\t\t<p class=\"translation-block\">1. During your visit to the Website, a message will be displayed informing you that it uses cookies. It is possible to reject cookies and modify them.<br>2. You can make changes to your cookie settings yourself. In many cases, the web browser allows cookies to be stored on the User's end device by default. Detailed information about the possibilities and methods of handling cookies is available in the software (web browser) settings.<br>3. Failure to consent to cookies may limit the operation of some functionalities on the Website.<\/p>\t\t\t\t\t\t\t\t<\/div>\n\t\t\t\t<div class=\"elementor-element elementor-element-798d0ad elementor-widget elementor-widget-heading\" data-id=\"798d0ad\" data-element_type=\"widget\" data-widget_type=\"heading.default\">\n\t\t\t\t\t<h2 class=\"elementor-heading-title elementor-size-default\">\u00a76 Modifying cookie settings<\/h2>\t\t\t\t<\/div>\n\t\t\t\t<div class=\"elementor-element elementor-element-06f094c elementor-widget elementor-widget-text-editor\" data-id=\"06f094c\" data-element_type=\"widget\" data-widget_type=\"text-editor.default\">\n\t\t\t\t\t\t\t\t\t<p class=\"translation-block\">1. User consent may be withdrawn at any time. Withdrawal of consent does not affect the lawfulness of processing based on consent before its withdrawal. Consent to the use of cookies can be managed via the privacy settings on the website or via your web browser.<br>2. Below we show how to change cookie settings in the most popular search engines:<br>a. Google Chrome: Menu &gt; Settings &gt; Privacy &amp; Security \u2013 select the appropriate option.<br>b.\u00a0Internet Explorer: Menu &gt; Settings &gt; Cookies and website permissions - select the appropriate option.<br>c. Mozilla Firefox: Menu &gt; Preferences &gt; Privacy &amp; Security &gt; Cookies &amp; Site Data \u2013 select the appropriate option.<br>d. Opera: Menu &gt; Settings &gt; Privacy &amp; Security \u2013 select the appropriate option.<br>e. Safari: Menu &gt; Preferences &gt; Privacy &gt; Cookies \u2013 select the appropriate option.<\/p>\t\t\t\t\t\t\t\t<\/div>\n\t\t\t\t<div class=\"elementor-element elementor-element-6761e43 elementor-widget elementor-widget-heading\" data-id=\"6761e43\" data-element_type=\"widget\" data-widget_type=\"heading.default\">\n\t\t\t\t\t<h2 class=\"elementor-heading-title elementor-size-default\">\u00a77 Changes to the cookie policy<\/h2>\t\t\t\t<\/div>\n\t\t\t\t<div class=\"elementor-element elementor-element-0f7298d elementor-widget elementor-widget-text-editor\" data-id=\"0f7298d\" data-element_type=\"widget\" data-widget_type=\"text-editor.default\">\n\t\t\t\t\t\t\t\t\t<p>1. Cookie changes will be continuously updated in the cookie consent management window on the Website.<\/p>\t\t\t\t\t\t\t\t<\/div>\n\t\t\t\t<div class=\"elementor-element elementor-element-d0c87f7 elementor-widget elementor-widget-heading\" data-id=\"d0c87f7\" data-element_type=\"widget\" data-widget_type=\"heading.default\">\n\t\t\t\t\t<h2 class=\"elementor-heading-title elementor-size-default\">\u00a78 Changes to the Cookie Policy<\/h2>\t\t\t\t<\/div>\n\t\t\t\t<div class=\"elementor-element elementor-element-18b6f98 elementor-widget elementor-widget-text-editor\" data-id=\"18b6f98\" data-element_type=\"widget\" data-widget_type=\"text-editor.default\">\n\t\t\t\t\t\t\t\t\t<p class=\"translation-block\">1. The policy is constantly verified and updated.<br>2. The current version of the Policy has been adopted and is valid from January 1, 2025.<\/p>\t\t\t\t\t\t\t\t<\/div>\n\t\t\t\t<\/div>\n\t\t\t\t\t<\/div>\n\t\t\t\t<\/div>\n\t\t\t\t<\/div>","protected":false},"excerpt":{"rendered":"<p>Polityka Cookies Zapoznaj si\u0119 z nasz\u0105 Polityk\u0105 Cookies. \u00a71 Wst\u0119p 1. Serwis https:\/\/stajder.com\/ u\u017cywa plik\u00f3w cookies.2. Administratorem Serwisu pod adresem https:\/\/stajder.com\/ jest Z.P.U. STAJDER s.c. , Osieczany 352, 32-400 My\u015blenice, NIP: 68100063803. Dokument zawiera informacje i zasady funkcjonowania i korzystaniu z plik\u00f3w cookies w Serwisie https:\/\/stajder.com\/.4. Kontakt z osob\u0105 nadzoruj\u0105c\u0105 przetwarzanie danych osobowych w organizacji [&hellip;]<\/p>","protected":false},"author":1,"featured_media":0,"parent":0,"menu_order":0,"comment_status":"closed","ping_status":"closed","template":"elementor_header_footer","meta":{"ocean_post_layout":"","ocean_both_sidebars_style":"","ocean_both_sidebars_content_width":0,"ocean_both_sidebars_sidebars_width":0,"ocean_sidebar":"","ocean_second_sidebar":"","ocean_disable_margins":"enable","ocean_add_body_class":"","ocean_shortcode_before_top_bar":"","ocean_shortcode_after_top_bar":"","ocean_shortcode_before_header":"","ocean_shortcode_after_header":"","ocean_has_shortcode":"","ocean_shortcode_after_title":"","ocean_shortcode_before_footer_widgets":"","ocean_shortcode_after_footer_widgets":"","ocean_shortcode_before_footer_bottom":"","ocean_shortcode_after_footer_bottom":"","ocean_display_top_bar":"default","ocean_display_header":"default","ocean_header_style":"","ocean_center_header_left_menu":"","ocean_custom_header_template":"","ocean_custom_logo":0,"ocean_custom_retina_logo":0,"ocean_custom_logo_max_width":0,"ocean_custom_logo_tablet_max_width":0,"ocean_custom_logo_mobile_max_width":0,"ocean_custom_logo_max_height":0,"ocean_custom_logo_tablet_max_height":0,"ocean_custom_logo_mobile_max_height":0,"ocean_header_custom_menu":"","ocean_menu_typo_font_family":"","ocean_menu_typo_font_subset":"","ocean_menu_typo_font_size":0,"ocean_menu_typo_font_size_tablet":0,"ocean_menu_typo_font_size_mobile":0,"ocean_menu_typo_font_size_unit":"px","ocean_menu_typo_font_weight":"","ocean_menu_typo_font_weight_tablet":"","ocean_menu_typo_font_weight_mobile":"","ocean_menu_typo_transform":"","ocean_menu_typo_transform_tablet":"","ocean_menu_typo_transform_mobile":"","ocean_menu_typo_line_height":0,"ocean_menu_typo_line_height_tablet":0,"ocean_menu_typo_line_height_mobile":0,"ocean_menu_typo_line_height_unit":"","ocean_menu_typo_spacing":0,"ocean_menu_typo_spacing_tablet":0,"ocean_menu_typo_spacing_mobile":0,"ocean_menu_typo_spacing_unit":"","ocean_menu_link_color":"","ocean_menu_link_color_hover":"","ocean_menu_link_color_active":"","ocean_menu_link_background":"","ocean_menu_link_hover_background":"","ocean_menu_link_active_background":"","ocean_menu_social_links_bg":"","ocean_menu_social_hover_links_bg":"","ocean_menu_social_links_color":"","ocean_menu_social_hover_links_color":"","ocean_disable_title":"default","ocean_disable_heading":"default","ocean_post_title":"","ocean_post_subheading":"","ocean_post_title_style":"","ocean_post_title_background_color":"","ocean_post_title_background":0,"ocean_post_title_bg_image_position":"","ocean_post_title_bg_image_attachment":"","ocean_post_title_bg_image_repeat":"","ocean_post_title_bg_image_size":"","ocean_post_title_height":0,"ocean_post_title_bg_overlay":0.5,"ocean_post_title_bg_overlay_color":"","ocean_disable_breadcrumbs":"default","ocean_breadcrumbs_color":"","ocean_breadcrumbs_separator_color":"","ocean_breadcrumbs_links_color":"","ocean_breadcrumbs_links_hover_color":"","ocean_display_footer_widgets":"default","ocean_display_footer_bottom":"default","ocean_custom_footer_template":"","footnotes":""},"class_list":["post-28","page","type-page","status-publish","hentry","entry"],"_links":{"self":[{"href":"https:\/\/www.stajder.com\/en\/wp-json\/wp\/v2\/pages\/28","targetHints":{"allow":["GET"]}}],"collection":[{"href":"https:\/\/www.stajder.com\/en\/wp-json\/wp\/v2\/pages"}],"about":[{"href":"https:\/\/www.stajder.com\/en\/wp-json\/wp\/v2\/types\/page"}],"author":[{"embeddable":true,"href":"https:\/\/www.stajder.com\/en\/wp-json\/wp\/v2\/users\/1"}],"replies":[{"embeddable":true,"href":"https:\/\/www.stajder.com\/en\/wp-json\/wp\/v2\/comments?post=28"}],"version-history":[{"count":19,"href":"https:\/\/www.stajder.com\/en\/wp-json\/wp\/v2\/pages\/28\/revisions"}],"predecessor-version":[{"id":1428,"href":"https:\/\/www.stajder.com\/en\/wp-json\/wp\/v2\/pages\/28\/revisions\/1428"}],"wp:attachment":[{"href":"https:\/\/www.stajder.com\/en\/wp-json\/wp\/v2\/media?parent=28"}],"curies":[{"name":"wp","href":"https:\/\/api.w.org\/{rel}","templated":true}]}}